{"id":2480,"date":"2022-12-18T12:23:00","date_gmt":"2022-12-18T09:23:00","guid":{"rendered":"http:\/\/ubstransit.kg\/%d1%81%d0%ba%d0%bb%d0%b0%d0%b4%d1%81%d0%ba%d0%b8%d0%b5-%d0%bf%d0%be%d0%bc%d0%b5%d1%89%d0%b5%d0%bd%d0%b8%d1%8f\/"},"modified":"2022-12-20T15:51:13","modified_gmt":"2022-12-20T12:51:13","slug":"%d1%81%d0%ba%d0%bb%d0%b0%d0%b4%d1%81%d0%ba%d0%b8%d0%b5-%d0%bf%d0%be%d0%bc%d0%b5%d1%89%d0%b5%d0%bd%d0%b8%d1%8f","status":"publish","type":"page","link":"http:\/\/ubstransit.kg\/tr\/%d1%81%d0%ba%d0%bb%d0%b0%d0%b4%d1%81%d0%ba%d0%b8%d0%b5-%d0%bf%d0%be%d0%bc%d0%b5%d1%89%d0%b5%d0%bd%d0%b8%d1%8f\/","title":{"rendered":"\u0421\u041a\u041b\u0410\u0414\u0421\u041a\u0418\u0415 \u041f\u041e\u041c\u0415\u0429\u0415\u041d\u0418\u042f"},"content":{"rendered":"\t\t<div data-elementor-type=\"wp-page\" data-elementor-id=\"2480\" class=\"elementor elementor-2480 elementor-2241\">\n\t\t\t\t\t\t\t\t\t<section class=\"elementor-section elementor-top-section elementor-element elementor-element-49b4466a elementor-section-boxed elementor-section-height-default elementor-section-height-default\" data-id=\"49b4466a\" data-element_type=\"section\">\n\t\t\t\t\t\t<div class=\"elementor-container elementor-column-gap-extended\">\n\t\t\t\t\t<div class=\"elementor-column elementor-col-66 elementor-top-column elementor-element elementor-element-77fc022b\" data-id=\"77fc022b\" data-element_type=\"column\">\n\t\t\t<div class=\"elementor-widget-wrap elementor-element-populated\">\n\t\t\t\t\t\t\t\t<div class=\"elementor-element elementor-element-5a02f956 elementor-widget elementor-widget-image\" data-id=\"5a02f956\" data-element_type=\"widget\" data-widget_type=\"image.default\">\n\t\t\t\t<div class=\"elementor-widget-container\">\n\t\t\t<style>\/*! elementor - v3.8.1 - 13-11-2022 *\/\n.elementor-widget-image{text-align:center}.elementor-widget-image a{display:inline-block}.elementor-widget-image a img[src$=\".svg\"]{width:48px}.elementor-widget-image img{vertical-align:middle;display:inline-block}<\/style>\t\t\t\t\t\t\t\t\t\t\t\t<img loading=\"lazy\" decoding=\"async\" width=\"866\" height=\"370\" src=\"http:\/\/ubstransit.kg\/wp-content\/uploads\/2021\/06\/warehouse_img.jpg\" class=\"attachment-large size-large\" alt=\"\" srcset=\"http:\/\/ubstransit.kg\/wp-content\/uploads\/2021\/06\/warehouse_img.jpg 866w, http:\/\/ubstransit.kg\/wp-content\/uploads\/2021\/06\/warehouse_img-600x256.jpg 600w\" sizes=\"(max-width: 866px) 100vw, 866px\" \/>\t\t\t\t\t\t\t\t\t\t\t\t\t\t\t<\/div>\n\t\t\t\t<\/div>\n\t\t\t\t<div class=\"elementor-element elementor-element-2e0da08a elementor-widget elementor-widget-transx_heading\" data-id=\"2e0da08a\" data-element_type=\"widget\" data-widget_type=\"transx_heading.default\">\n\t\t\t\t<div class=\"elementor-widget-container\">\n\t\t\t\n        <div class=\"transx_heading_widget\">\n            \n                <h4 class=\"transx_heading\">\n                    \u0421\u041a\u041b\u0410\u0414\u0421\u041a\u0418\u0415 \u041f\u041e\u041c\u0415\u0429\u0415\u041d\u0418\u042f                <\/h4>\n                        <\/div>\n        \t\t<\/div>\n\t\t\t\t<\/div>\n\t\t\t\t<div class=\"elementor-element elementor-element-4bf55591 elementor-widget elementor-widget-text-editor\" data-id=\"4bf55591\" data-element_type=\"widget\" data-widget_type=\"text-editor.default\">\n\t\t\t\t<div class=\"elementor-widget-container\">\n\t\t\t<style>\/*! elementor - v3.8.1 - 13-11-2022 *\/\n.elementor-widget-text-editor.elementor-drop-cap-view-stacked .elementor-drop-cap{background-color:#818a91;color:#fff}.elementor-widget-text-editor.elementor-drop-cap-view-framed .elementor-drop-cap{color:#818a91;border:3px solid;background-color:transparent}.elementor-widget-text-editor:not(.elementor-drop-cap-view-default) .elementor-drop-cap{margin-top:8px}.elementor-widget-text-editor:not(.elementor-drop-cap-view-default) .elementor-drop-cap-letter{width:1em;height:1em}.elementor-widget-text-editor .elementor-drop-cap{float:left;text-align:center;line-height:1;font-size:50px}.elementor-widget-text-editor .elementor-drop-cap-letter{display:inline-block}<\/style>\t\t\t\t<h4><strong>\u041a\u041e\u041d\u0422\u0420\u041e\u041b\u042c \u041a\u0410\u0427\u0415\u0421\u0422\u0412\u0410 \u041d\u0410 \u041d\u0410\u0428\u0418\u0425 \u0421\u041a\u041b\u0410\u0414\u0410\u0425<\/strong><\/h4>\n<p>\u041d\u0430 \u043d\u0430\u0448\u0438\u0445 \u0441\u043a\u043b\u0430\u0434\u0430\u0445 \u043e\u0431\u0435\u0441\u043f\u0435\u0447\u0438\u0432\u0430\u0435\u0442\u0441\u044f \u043a\u043e\u043d\u0442\u0440\u043e\u043b\u044c \u043a\u0430\u0447\u0435\u0441\u0442\u0432\u0430 \u043f\u043e\u0433\u0440\u0443\u0437\u043a\u0438 \u0438 \u0432\u044b\u0433\u0440\u0443\u0437\u043a\u0438 \u0433\u0440\u0443\u0437\u043e\u0432 (cargo survey).<br \/>\u041f\u0440\u043e\u0446\u0435\u0441\u0441 \u043f\u043e\u0433\u0440\u0443\u0437\u043a\u0438 \u0438 \u0440\u0430\u0437\u0433\u0440\u0443\u0437\u043a\u0438 \u0444\u043e\u0442\u043e\u0433\u0440\u0430\u0444\u0438\u0440\u0443\u0435\u0442\u0441\u044f.<br \/>\u0415\u0441\u043b\u0438 \u043e\u0431\u043d\u0430\u0440\u0443\u0436\u0438\u0432\u0430\u0435\u0442\u0441\u044f \u043f\u043e\u0432\u0440\u0435\u0436\u0434\u0435\u043d\u043d\u0430\u044f \u0442\u043e\u0432\u0430\u0440\u0430 \u0438\u043b\u0438 \u0443\u043f\u0430\u043a\u043e\u0432\u043a\u0438,\u0444\u043e\u0442\u043e\u0433\u0440\u0430\u0444\u0438\u0438 \u043d\u0435\u0437\u0430\u043c\u0435\u0434\u043b\u0438\u0442\u0435\u043b\u044c\u043d\u043e \u043e\u0442\u043f\u0440\u0430\u0432\u043b\u044f\u044e\u0442\u0441\u044f \u043a\u043b\u0438\u0435\u043d\u0442\u0443 \u0434\u043b\u044f \u043f\u0440\u0438\u043d\u044f\u0442\u0438\u044f \u0440\u0435\u0448\u0435\u043d\u0438\u044f \u043e \u0434\u0430\u043b\u044c\u043d\u0435\u0439\u0448\u0435\u043c \u0445\u043e\u0434\u0435 \u043e\u0431\u0440\u0430\u0431\u043e\u0442\u043a\u0438 \u0433\u0440\u0443\u0437\u0430 \u0438 \u0441\u043e\u0441\u0442\u0430\u0432\u043b\u0435\u043d\u0438\u044f \u0430\u043a\u0442\u0430 \u0434\u043b\u044f \u043e\u0444\u043e\u0440\u043c\u043b\u0435\u043d\u0438\u044f \u043f\u0440\u0435\u0442\u0435\u043d\u0437\u0438\u0439 \u0438\u043b\u0438 \u0441\u0442\u0440\u0430\u0445\u043e\u0432\u043e\u0433\u043e \u0441\u043b\u0443\u0447\u0430\u044f.<\/p>\n\t\t\t\t\t\t<\/div>\n\t\t\t\t<\/div>\n\t\t\t\t<div class=\"elementor-element elementor-element-d8adf5d elementor-widget elementor-widget-text-editor\" data-id=\"d8adf5d\" data-element_type=\"widget\" data-widget_type=\"text-editor.default\">\n\t\t\t\t<div class=\"elementor-widget-container\">\n\t\t\t\t\t\t\t<h4><strong>\u041d\u0410\u0414\u0415\u0416\u041d\u042b\u0415 \u0418 \u042d\u0424\u0424\u0415\u041a\u0422\u0418\u0412\u041d\u042b\u0415 \u0421\u041a\u041b\u0410\u0414\u0421\u041a\u0418\u0415 \u0423\u0421\u041b\u0423\u0413\u0418<\/strong><\/h4>\n<p>\u041e\u0431\u0435\u0441\u043f\u0435\u0447\u0438\u0432\u0430\u0435\u043c \u043d\u0430\u0434\u0435\u0436\u043d\u044b\u0435 \u0438 \u0432\u044b\u0441\u043e\u043a\u043e\u043a\u0430\u0447\u0435\u0441\u0442\u0432\u0435\u043d\u043d\u044b\u0435 \u0443\u0441\u043b\u0443\u0433\u0438 \u043d\u0430 \u0441\u043a\u043b\u0430\u0434\u0430\u0445 \u0441 \u043a\u0440\u0443\u0433\u043b\u043e\u0441\u0443\u0442\u043e\u0447\u043d\u043e\u0439 \u043e\u0445\u0440\u0430\u043d\u043e\u0439<\/p>\n\t\t\t\t\t\t<\/div>\n\t\t\t\t<\/div>\n\t\t\t\t<div class=\"elementor-element elementor-element-87e2a52 elementor-widget elementor-widget-text-editor\" data-id=\"87e2a52\" data-element_type=\"widget\" data-widget_type=\"text-editor.default\">\n\t\t\t\t<div class=\"elementor-widget-container\">\n\t\t\t\t\t\t\t<h4><strong>\u041f\u0420\u041e\u0427\u0418\u0415 \u0421\u041a\u041b\u0410\u0414\u0421\u041a\u0418\u0415 \u0423\u0421\u041b\u0423\u0413\u0418<\/strong><\/h4>\n<p>\u0423 \u043d\u0430\u0441 \u0431\u043e\u043b\u044c\u0448\u043e\u0439 \u043e\u043f\u044b\u0442 \u0440\u0430\u0431\u043e\u0442\u044b \u0441 \u0433\u0435\u043d\u0435\u0440\u0430\u043b\u044c\u043d\u044b\u043c\u0438 \u0433\u0440\u0443\u0437\u0430\u043c\u0438 (general cargo), \u0430\u043a\u0446\u0438\u0437\u043d\u044b\u043c\u0438 \u0442\u043e\u0432\u0430\u0440\u0430\u043c\u0438 \u0438 \u0440\u0430\u0437\u043b\u0438\u0447\u043d\u044b\u043c\u0438 \u043d\u0435\u0441\u0442\u0430\u043d\u0434\u0430\u0440\u0442\u043d\u044b\u043c\u0438 \u0433\u0440\u0443\u0437\u0430\u043c\u0438 \u0438 Project Cargo. \u041f\u0440\u0430\u0432\u0438\u043b\u044c\u043d\u043e \u043f\u043b\u0430\u043d\u0438\u0440\u0443\u044f \u0441\u043a\u043b\u0430\u0434\u0441\u043a\u0438\u0435 \u0443\u0441\u043b\u0443\u0433\u0438, \u043c\u044b \u0437\u043d\u0430\u0447\u0438\u0442\u0435\u043b\u044c\u043d\u043e \u0441\u043d\u0438\u0436\u0430\u0435\u043c \u0432\u0430\u0448\u0438 \u0437\u0430\u0442\u0440\u0430\u0442\u044b \u043d\u0430 \u0442\u0440\u0430\u043d\u0441\u043f\u043e\u0440\u0442\u0438\u0440\u043e\u0432\u043a\u0443. \u0412 \u0441\u043e\u0442\u0440\u0443\u0434\u043d\u0438\u0447\u0435\u0441\u0442\u0432\u0435 \u0441 \u043f\u0430\u0440\u0442\u043d\u0435\u0440\u0430\u043c\u0438 \u0438 \u0430\u0433\u0435\u043d\u0442\u0430\u043c\u0438 \u043c\u044b \u043e\u0431\u0435\u0441\u043f\u0435\u0447\u0438\u0432\u0430\u0435\u043c \u0441\u043a\u043b\u0430\u0434\u0441\u043a\u0438\u0435 \u0443\u0441\u043b\u0443\u0433\u0438 \u0432\u043e \u043c\u043d\u043e\u0433\u0438\u0445 \u0441\u0442\u0440\u0430\u043d\u0430\u0445.<br \/>\u041d\u0430\u0448\u0438 \u0441\u0442\u0430\u043d\u0434\u0430\u0440\u0442\u044b \u043a\u0430\u0447\u0435\u0441\u0442\u0432\u0430 \u043f\u043e\u043c\u043e\u0433\u0430\u044e\u0442 \u043e\u0431\u0435\u0441\u043f\u0435\u0447\u0438\u0432\u0430\u0442\u044c \u043e\u0442\u043b\u0438\u0447\u043d\u044b\u0439 \u0441\u0435\u0440\u0432\u0438\u0441 \u043f\u0440\u0438 \u0445\u0440\u0430\u043d\u0435\u043d\u0438\u0438 \u0438 \u043e\u0431\u0440\u0430\u0431\u043e\u0442\u043a\u0435 \u0431\u044c\u044e\u0449\u0438\u0445\u0441\u044f \u0433\u0440\u0443\u0437\u043e\u0432, \u0442\u0430\u043a\u0438\u0445 \u043a\u0430\u043a \u043f\u043b\u0438\u0442\u043a\u0430, \u043a\u0435\u0440\u0430\u043c\u0438\u043a\u0430, \u0438\u0437\u0434\u0435\u043b\u0438\u044f \u0438\u0437 \u0441\u0442\u0435\u043a\u043b\u0430, \u044d\u043a\u0441\u043a\u043b\u044e\u0437\u0438\u0432\u043d\u0430\u044f \u043c\u0435\u0431\u0435\u043b\u044c.<\/p>\n\t\t\t\t\t\t<\/div>\n\t\t\t\t<\/div>\n\t\t\t\t<div class=\"elementor-element elementor-element-64124ce7 elementor-pagination-position-outside elementor-widget elementor-widget-image-carousel\" data-id=\"64124ce7\" data-element_type=\"widget\" data-settings=\"{&quot;slides_to_show&quot;:&quot;2&quot;,&quot;navigation&quot;:&quot;dots&quot;,&quot;autoplay&quot;:&quot;no&quot;,&quot;infinite&quot;:&quot;yes&quot;,&quot;speed&quot;:500}\" data-widget_type=\"image-carousel.default\">\n\t\t\t\t<div class=\"elementor-widget-container\">\n\t\t\t<style>\/*! elementor - v3.8.1 - 13-11-2022 *\/\n.elementor-widget-image-carousel .swiper-container{position:static}.elementor-widget-image-carousel .swiper-container .swiper-slide figure{line-height:inherit}.elementor-widget-image-carousel .swiper-slide{text-align:center}.elementor-image-carousel-wrapper:not(.swiper-container-initialized) .swiper-slide{max-width:calc(100% \/ var(--e-image-carousel-slides-to-show, 3))}<\/style>\t\t<div class=\"elementor-image-carousel-wrapper swiper-container\" dir=\"ltr\">\n\t\t\t<div class=\"elementor-image-carousel swiper-wrapper\">\n\t\t\t\t\t\t\t\t<div class=\"swiper-slide\"><figure class=\"swiper-slide-inner\"><img decoding=\"async\" class=\"swiper-slide-image\" src=\"http:\/\/ubstransit.kg\/wp-content\/uploads\/2021\/06\/slider_img-2.jpg\" alt=\"slider_img-2.jpg\" \/><\/figure><\/div><div class=\"swiper-slide\"><figure class=\"swiper-slide-inner\"><img decoding=\"async\" class=\"swiper-slide-image\" src=\"http:\/\/ubstransit.kg\/wp-content\/uploads\/2022\/12\/16d8a7e7889ed5d-1024x576-1.jpg\" alt=\"16d8a7e7889ed5d-1024x576\" \/><\/figure><\/div><div class=\"swiper-slide\"><figure class=\"swiper-slide-inner\"><img decoding=\"async\" class=\"swiper-slide-image\" src=\"http:\/\/ubstransit.kg\/wp-content\/uploads\/2022\/12\/8b5a4b049f9c0f2.jpg\" alt=\"8b5a4b049f9c0f2\" \/><\/figure><\/div><div class=\"swiper-slide\"><figure class=\"swiper-slide-inner\"><img decoding=\"async\" class=\"swiper-slide-image\" src=\"http:\/\/ubstransit.kg\/wp-content\/uploads\/2022\/12\/25c7d3efdc3adb2-1024x576-1.jpg\" alt=\"25c7d3efdc3adb2-1024x576\" \/><\/figure><\/div><div class=\"swiper-slide\"><figure class=\"swiper-slide-inner\"><img decoding=\"async\" class=\"swiper-slide-image\" src=\"http:\/\/ubstransit.kg\/wp-content\/uploads\/2022\/12\/0771fe7b3e8c742-1024x768-1.jpg\" alt=\"0771fe7b3e8c742-1024x768\" \/><\/figure><\/div>\t\t\t<\/div>\n\t\t\t\t\t\t\t\t\t\t\t\t<div class=\"swiper-pagination\"><\/div>\n\t\t\t\t\t\t\t\t\t\t\t\t\t<\/div>\n\t\t\t\t<\/div>\n\t\t\t\t<\/div>\n\t\t\t\t\t<\/div>\n\t\t<\/div>\n\t\t\t\t<div class=\"elementor-column elementor-col-33 elementor-top-column elementor-element elementor-element-7d04e12c\" data-id=\"7d04e12c\" data-element_type=\"column\">\n\t\t\t<div class=\"elementor-widget-wrap elementor-element-populated\">\n\t\t\t\t\t\t\t\t<div class=\"elementor-element elementor-element-450ac6bf elementor-widget elementor-widget-transx_heading\" data-id=\"450ac6bf\" data-element_type=\"widget\" data-widget_type=\"transx_heading.default\">\n\t\t\t\t<div class=\"elementor-widget-container\">\n\t\t\t\n        <div class=\"transx_heading_widget\">\n            \n                <h5 class=\"transx_heading\">\n                    \u0418\u043d\u0444\u043e\u0440\u043c\u0430\u0446\u0438\u044f \u043e \u0441\u043a\u043b\u0430\u0434\u0435                <\/h5>\n                        <\/div>\n        \t\t<\/div>\n\t\t\t\t<\/div>\n\t\t\t\t<div class=\"elementor-element elementor-element-5de08bc9 elementor-widget elementor-widget-html\" data-id=\"5de08bc9\" data-element_type=\"widget\" data-widget_type=\"html.default\">\n\t\t\t\t<div class=\"elementor-widget-container\">\n\t\t\t<div class=\"transx_contact-trigger transx_contact-trigger--style-2\">\n\t<img decoding=\"async\" class=\"transx_contact-trigger__img\" src=\"https:\/\/demo.artureanec.com\/themes\/transx\/wp-content\/uploads\/2021\/04\/contact_background.png\" alt=\"img\">\n\n\t<h4 class=\"transx_contact-trigger__title\">Bizimle ileti\u015fime ge\u00e7mek ister misiniz?<\/h4>\n\n\t<p class=\"transx_contact-trigger__text\">E-posta g\u00f6nderin veya bizi aray\u0131n ve y\u00f6neticilerimiz her \u015feyi ayr\u0131nt\u0131l\u0131 olarak anlatacak ve size a\u00e7\u0131klayacakt\u0131r<\/p>\n\n\t<a class=\"transx_button\" href=\"http:\/\/ubstransit.kg\/tr\/temaslar\/\">\n\t\t<span>Temaslar<\/span>\n\t\t<svg class=\"icon\">\n\t\t\t<svg viewbox=\"0 0 150 78.6\" xmlns=\"http:\/\/www.w3.org\/2000\/svg\"><path d=\"M0 31.5h150v12.7H0V31.5zM112.8-.1l30.9 31.5-8.8 9L104 8.9l8.8-9zm18.1 51l-18.4 18.8 8.9 9 18.4-18.8-8.9-9z\"\/><\/svg>\n\t\t<\/svg>\n\t<\/a>\n<\/div>\t\t<\/div>\n\t\t\t\t<\/div>\n\t\t\t\t\t<\/div>\n\t\t<\/div>\n\t\t\t\t\t\t\t<\/div>\n\t\t<\/section>\n\t\t\t\t\t\t\t<\/div>\n\t\t","protected":false},"excerpt":{"rendered":"<p>\u041a\u041e\u041d\u0422\u0420\u041e\u041b\u042c \u041a\u0410\u0427\u0415\u0421\u0422\u0412\u0410 \u041d\u0410 \u041d\u0410\u0428\u0418\u0425 \u0421\u041a\u041b\u0410\u0414\u0410\u0425 \u041d\u0430 \u043d\u0430\u0448\u0438\u0445 \u0441\u043a\u043b\u0430\u0434\u0430\u0445 \u043e\u0431\u0435\u0441\u043f\u0435\u0447\u0438\u0432\u0430\u0435\u0442\u0441\u044f \u043a\u043e\u043d\u0442\u0440\u043e\u043b\u044c \u043a\u0430\u0447\u0435\u0441\u0442\u0432\u0430 \u043f\u043e\u0433\u0440\u0443\u0437\u043a\u0438 \u0438 \u0432\u044b\u0433\u0440\u0443\u0437\u043a\u0438 \u0433\u0440\u0443\u0437\u043e\u0432 (cargo survey).\u041f\u0440\u043e\u0446\u0435\u0441\u0441 \u043f\u043e\u0433\u0440\u0443\u0437\u043a\u0438 \u0438 \u0440\u0430\u0437\u0433\u0440\u0443\u0437\u043a\u0438 \u0444\u043e\u0442\u043e\u0433\u0440\u0430\u0444\u0438\u0440\u0443\u0435\u0442\u0441\u044f.\u0415\u0441\u043b\u0438 \u043e\u0431\u043d\u0430\u0440\u0443\u0436\u0438\u0432\u0430\u0435\u0442\u0441\u044f \u043f\u043e\u0432\u0440\u0435\u0436\u0434\u0435\u043d\u043d\u0430\u044f \u0442\u043e\u0432\u0430\u0440\u0430 \u0438\u043b\u0438 \u0443\u043f\u0430\u043a\u043e\u0432\u043a\u0438,\u0444\u043e\u0442\u043e\u0433\u0440\u0430\u0444\u0438\u0438 \u043d\u0435\u0437\u0430\u043c\u0435\u0434\u043b\u0438\u0442\u0435\u043b\u044c\u043d\u043e \u043e\u0442\u043f\u0440\u0430\u0432\u043b\u044f\u044e\u0442\u0441\u044f \u043a\u043b\u0438\u0435\u043d\u0442\u0443 \u0434\u043b\u044f \u043f\u0440\u0438\u043d\u044f\u0442\u0438\u044f \u0440\u0435\u0448\u0435\u043d\u0438\u044f \u043e \u0434\u0430\u043b\u044c\u043d\u0435\u0439\u0448\u0435\u043c \u0445\u043e\u0434\u0435 \u043e\u0431\u0440\u0430\u0431\u043e\u0442\u043a\u0438 \u0433\u0440\u0443\u0437\u0430 \u0438 \u0441\u043e\u0441\u0442\u0430\u0432\u043b\u0435\u043d\u0438\u044f \u0430\u043a\u0442\u0430 \u0434\u043b\u044f \u043e\u0444\u043e\u0440\u043c\u043b\u0435\u043d\u0438\u044f \u043f\u0440\u0435\u0442\u0435\u043d\u0437\u0438\u0439 \u0438\u043b\u0438 \u0441\u0442\u0440\u0430\u0445\u043e\u0432\u043e\u0433\u043e \u0441\u043b\u0443\u0447\u0430\u044f. \u041d\u0410\u0414\u0415\u0416\u041d\u042b\u0415 \u0418 \u042d\u0424\u0424\u0415\u041a\u0422\u0418\u0412\u041d\u042b\u0415 \u0421\u041a\u041b\u0410\u0414\u0421\u041a\u0418\u0415 \u0423\u0421\u041b\u0423\u0413\u0418 \u041e\u0431\u0435\u0441\u043f\u0435\u0447\u0438\u0432\u0430\u0435\u043c \u043d\u0430\u0434\u0435\u0436\u043d\u044b\u0435 \u0438 \u0432\u044b\u0441\u043e\u043a\u043e\u043a\u0430\u0447\u0435\u0441\u0442\u0432\u0435\u043d\u043d\u044b\u0435 [&hellip;]<\/p>\n","protected":false},"author":1,"featured_media":0,"parent":0,"menu_order":0,"comment_status":"closed","ping_status":"closed","template":"","meta":{"footnotes":""},"_links":{"self":[{"href":"http:\/\/ubstransit.kg\/tr\/wp-json\/wp\/v2\/pages\/2480"}],"collection":[{"href":"http:\/\/ubstransit.kg\/tr\/wp-json\/wp\/v2\/pages"}],"about":[{"href":"http:\/\/ubstransit.kg\/tr\/wp-json\/wp\/v2\/types\/page"}],"author":[{"embeddable":true,"href":"http:\/\/ubstransit.kg\/tr\/wp-json\/wp\/v2\/users\/1"}],"replies":[{"embeddable":true,"href":"http:\/\/ubstransit.kg\/tr\/wp-json\/wp\/v2\/comments?post=2480"}],"version-history":[{"count":1,"href":"http:\/\/ubstransit.kg\/tr\/wp-json\/wp\/v2\/pages\/2480\/revisions"}],"predecessor-version":[{"id":2481,"href":"http:\/\/ubstransit.kg\/tr\/wp-json\/wp\/v2\/pages\/2480\/revisions\/2481"}],"wp:attachment":[{"href":"http:\/\/ubstransit.kg\/tr\/wp-json\/wp\/v2\/media?parent=2480"}],"curies":[{"name":"wp","href":"https:\/\/api.w.org\/{rel}","templated":true}]}}